{"id":8,"date":"2020-11-10T17:22:42","date_gmt":"2020-11-10T16:22:42","guid":{"rendered":"https:\/\/www.progettarespaziinterni.it\/?page_id=8"},"modified":"2021-01-12T00:57:06","modified_gmt":"2021-01-11T23:57:06","slug":"progettare-spazi-interni","status":"publish","type":"page","link":"https:\/\/www.progettarespaziinterni.it\/","title":{"rendered":"Home"},"content":{"rendered":"<p>[et_pb_section fb_built=&#8221;1&#8243; _builder_version=&#8221;4.6.6&#8243; _module_preset=&#8221;default&#8221; width=&#8221;100%&#8221; custom_padding=&#8221;0px||19px|||&#8221;][et_pb_row _builder_version=&#8221;4.6.6&#8243; _module_preset=&#8221;default&#8221; width=&#8221;100%&#8221; width_tablet=&#8221;&#8221; width_phone=&#8221;&#8221; width_last_edited=&#8221;on|phone&#8221; max_width=&#8221;1064px&#8221; custom_margin=&#8221;|auto|-13px|auto||&#8221; custom_margin_tablet=&#8221;-35px||-87px||false|true&#8221; custom_margin_phone=&#8221;0px||||false|true&#8221; custom_margin_last_edited=&#8221;on|phone&#8221; custom_padding=&#8221;2px||15px|||&#8221;][et_pb_column type=&#8221;4_4&#8243; _builder_version=&#8221;4.6.6&#8243; _module_preset=&#8221;default&#8221;][et_pb_image src=&#8221;https:\/\/www.progettarespaziinterni.it\/wp-content\/uploads\/2020\/11\/progettare-spazi-interni-logo.jpg&#8221; title_text=&#8221;progettare-spazi-interni-logo&#8221; _builder_version=&#8221;4.6.6&#8243; _module_preset=&#8221;default&#8221; width=&#8221;85%&#8221; width_tablet=&#8221;75%&#8221; width_phone=&#8221;100%&#8221; width_last_edited=&#8221;on|phone&#8221; max_width=&#8221;100%&#8221; module_alignment=&#8221;center&#8221; custom_margin=&#8221;0px||2px||false|false&#8221; custom_padding=&#8221;0px||0px|||&#8221;][\/et_pb_image][\/et_pb_column][\/et_pb_row][\/et_pb_section][et_pb_section fb_built=&#8221;1&#8243; _builder_version=&#8221;4.6.6&#8243; _module_preset=&#8221;default&#8221; custom_margin=&#8221;16px|||||&#8221; custom_padding=&#8221;0px||31px|||&#8221;][et_pb_row column_structure=&#8221;1_3,1_3,1_3&#8243; _builder_version=&#8221;4.6.6&#8243; _module_preset=&#8221;default&#8221; width=&#8221;100%&#8221; max_width=&#8221;1147px&#8221;][et_pb_column type=&#8221;1_3&#8243; _builder_version=&#8221;4.6.6&#8243; _module_preset=&#8221;default&#8221;][et_pb_image src=&#8221;https:\/\/www.progettarespaziinterni.it\/wp-content\/uploads\/2021\/01\/Progettare-spazi-interni-interior-designer.jpg&#8221; title_text=&#8221;Progettare-spazi-interni-interior-designer&#8221; _builder_version=&#8221;4.6.6&#8243; _module_preset=&#8221;default&#8221; custom_margin=&#8221;||15px||false|false&#8221;][\/et_pb_image][et_pb_text _builder_version=&#8221;4.6.6&#8243; _module_preset=&#8221;default&#8221; text_text_color=&#8221;#000000&#8243; header_2_font=&#8221;Roboto||||||||&#8221; header_2_text_align=&#8221;center&#8221; custom_margin=&#8221;||20px||false|false&#8221; custom_padding=&#8221;|5px||5px|false|true&#8221; header_2_font_size_tablet=&#8221;&#8221; header_2_font_size_phone=&#8221;20px&#8221; header_2_font_size_last_edited=&#8221;on|phone&#8221;]<\/p>\n<h2>Progettazione Spazi Interni<\/h2>\n<p style=\"text-align: center;\">Se hai appena acquistato casa o ti sei stancato dell\u2019ambiente in cui vivi e vorresti un aiuto su come rinnovarlo sei nel posto giusto. Trasformeremo i tuoi spazi interni, proponendoti un restyling totale con soluzioni originali sempre tenendo conto del budget totale.<\/p>\n<p>[\/et_pb_text][\/et_pb_column][et_pb_column type=&#8221;1_3&#8243; _builder_version=&#8221;4.6.6&#8243; _module_preset=&#8221;default&#8221;][et_pb_image src=&#8221;https:\/\/www.progettarespaziinterni.it\/wp-content\/uploads\/2021\/01\/Progettare-spazi-interni_bagno-1.jpg&#8221; title_text=&#8221;Progettare-spazi-interni_bagno&#8221; _builder_version=&#8221;4.6.6&#8243; _module_preset=&#8221;default&#8221; custom_margin=&#8221;||15px||false|false&#8221; hover_enabled=&#8221;0&#8243; sticky_enabled=&#8221;0&#8243;][\/et_pb_image][et_pb_text _builder_version=&#8221;4.6.6&#8243; _module_preset=&#8221;default&#8221; text_text_color=&#8221;#000000&#8243; header_2_font=&#8221;Roboto||||||||&#8221; header_2_text_align=&#8221;center&#8221; text_orientation=&#8221;center&#8221; custom_margin=&#8221;||20px||false|false&#8221; custom_padding=&#8221;|5px||5px|false|true&#8221; text_font_tablet=&#8221;&#8221; text_font_phone=&#8221;&#8221; text_font_last_edited=&#8221;on|desktop&#8221; header_2_font_size_tablet=&#8221;&#8221; header_2_font_size_phone=&#8221;20px&#8221; header_2_font_size_last_edited=&#8221;on|phone&#8221;]<\/p>\n<h2 style=\"text-align: center;\">Interior design\u00a0<\/h2>\n<p>Siamo un team di esperti nella progettazione di spazi esterni ed interni. Sappiamo trovare le migliori soluzioni per trasformare il tuo spazio in quello che hai sempre sognato. Curiamo con attenzione ogni dettaglio: dai colori alla scelta degli arredi.<\/p>\n<p>[\/et_pb_text][\/et_pb_column][et_pb_column type=&#8221;1_3&#8243; _builder_version=&#8221;4.6.6&#8243; _module_preset=&#8221;default&#8221;][et_pb_image src=&#8221;https:\/\/www.progettarespaziinterni.it\/wp-content\/uploads\/2021\/01\/Progettare-spazi-interni-virtual-home.jpg&#8221; title_text=&#8221;Progettare-spazi-interni-virtual-home&#8221; _builder_version=&#8221;4.6.6&#8243; _module_preset=&#8221;default&#8221; custom_margin=&#8221;||15px||false|false&#8221;][\/et_pb_image][et_pb_text _builder_version=&#8221;4.6.6&#8243; _module_preset=&#8221;default&#8221; text_text_color=&#8221;#000000&#8243; header_2_font=&#8221;Roboto||||||||&#8221; header_2_text_align=&#8221;center&#8221; custom_margin=&#8221;||20px||false|false&#8221; custom_padding=&#8221;|5px||5px|false|true&#8221; header_2_font_size_tablet=&#8221;&#8221; header_2_font_size_phone=&#8221;20px&#8221; header_2_font_size_last_edited=&#8221;on|phone&#8221;]<\/p>\n<h2>Virtual Home<\/h2>\n<p style=\"text-align: center;\">Sognare ad occhi aperti sar\u00e0 ancora pi\u00f9 facile! Sar\u00e0 come camminare nella tua nuova casa finita ancora prima di iniziare i lavori. Grazie a questo servizio apprezzerai ogni dettaglio della progettazione del tuo spazio interno.<\/p>\n<p>[\/et_pb_text][\/et_pb_column][\/et_pb_row][\/et_pb_section][et_pb_section fb_built=&#8221;1&#8243; custom_padding_last_edited=&#8221;on|tablet&#8221; _builder_version=&#8221;4.6.6&#8243; _module_preset=&#8221;default&#8221; background_image=&#8221;https:\/\/www.progettarespaziinterni.it\/wp-content\/uploads\/2021\/01\/Progettare-spazi-interni_2living.jpg&#8221; custom_padding=&#8221;||246px|||&#8221; custom_padding_tablet=&#8221;||100px||false|false&#8221; custom_padding_phone=&#8221;||0px||false|false&#8221;][\/et_pb_section][et_pb_section fb_built=&#8221;1&#8243; _builder_version=&#8221;4.6.6&#8243; _module_preset=&#8221;default&#8221; custom_margin=&#8221;1px|||||&#8221; custom_padding=&#8221;25px||0px|||&#8221;][et_pb_row _builder_version=&#8221;4.6.6&#8243; _module_preset=&#8221;default&#8221; custom_padding=&#8221;28px||3px|||&#8221;][et_pb_column type=&#8221;4_4&#8243; _builder_version=&#8221;4.6.6&#8243; _module_preset=&#8221;default&#8221;][et_pb_text _builder_version=&#8221;4.6.6&#8243; _module_preset=&#8221;default&#8221; text_text_color=&#8221;#F7BD4A&#8221; header_2_font=&#8221;Roboto|500|||||||&#8221; header_2_text_align=&#8221;center&#8221; header_2_text_color=&#8221;#F7BD4A&#8221; custom_margin=&#8221;||0px||false|false&#8221; custom_margin_tablet=&#8221;&#8221; custom_margin_phone=&#8221;||-43px||false|false&#8221; custom_margin_last_edited=&#8221;on|phone&#8221; custom_padding=&#8221;||11px|||&#8221;]<\/p>\n<h2>Hai bisogno di aiuto per arredare la tua casa?<\/h2>\n<p>[\/et_pb_text][\/et_pb_column][\/et_pb_row][et_pb_row column_structure=&#8221;1_2,1_2&#8243; _builder_version=&#8221;4.6.6&#8243; _module_preset=&#8221;default&#8221; custom_padding=&#8221;||43px|||&#8221;][et_pb_column type=&#8221;1_2&#8243; _builder_version=&#8221;4.6.6&#8243; _module_preset=&#8221;default&#8221;][et_pb_text _builder_version=&#8221;4.6.6&#8243; _module_preset=&#8221;default&#8221; text_text_color=&#8221;#000000&#8243; header_2_font=&#8221;Roboto||||||||&#8221; header_2_text_align=&#8221;center&#8221; text_orientation=&#8221;center&#8221; custom_margin_tablet=&#8221;&#8221; custom_margin_phone=&#8221;||-24px||false|false&#8221; custom_margin_last_edited=&#8221;on|phone&#8221; custom_padding=&#8221;||0px|||&#8221; text_font_tablet=&#8221;&#8221; text_font_phone=&#8221;&#8221; text_font_last_edited=&#8221;on|desktop&#8221;]<\/p>\n<p><em><strong>Hai appena acquistato casa<\/strong> oppure ti <strong>sei stancato dell\u2019ambiente in cui vivi<\/strong> e vorresti un restyling.\u00a0<\/em><em>Non \u00e8 la prima volta che ci pensi ma fino ad ora non hai trovato la giusta soluzione. <strong>Hai delle idee ma non riesci ad applicarle<\/strong>. Vorresti un aiuto ma hai paura di spendere troppo e di non rimanere soddisfatto. Ti starei chiedendo come faccio a saperlo.. semplice, non sei il primo e ho trovato il modo di toglierti ogni dubbio.<\/em><\/p>\n<p><em><strong>Scopri come funziona Progettare Spazi Interni<\/strong><\/em><\/p>\n<p><span><\/span><\/p>\n<p>[\/et_pb_text][\/et_pb_column][et_pb_column type=&#8221;1_2&#8243; _builder_version=&#8221;4.6.6&#8243; _module_preset=&#8221;default&#8221;][et_pb_text _builder_version=&#8221;4.6.6&#8243; _module_preset=&#8221;default&#8221; text_text_color=&#8221;#000000&#8243; header_2_font=&#8221;Roboto||||||||&#8221; header_2_text_align=&#8221;center&#8221; text_orientation=&#8221;center&#8221; min_height=&#8221;192px&#8221; text_font_tablet=&#8221;&#8221; text_font_phone=&#8221;&#8221; text_font_last_edited=&#8221;on|desktop&#8221;]<\/p>\n<p><span style=\"font-size: 14px;\">Per prima ti chiederemo di inviarci una planimetria della casa e di indicarci quali stanze vorresti progettare. Dopodich\u00e8 fisseremo un sopralluogo per conoscerci e vedere di persona gli spazi. In meno di 24 h riceverai un preventivo con diverse tipologie di progetto tra cui scegliere (BASE-AVANZATO-Deluxe). Una volta accettato il preventivo procederemo con la progettazione dei tuoi spazi interni. Grazie al servizio\u00a0<\/span><strong style=\"font-size: 14px;\">\u201cchiavi in mano\u201d<\/strong><span style=\"font-size: 14px;\">\u00a0potremo occuparci di ogni aspetto compresa la gestione dei lavori.<\/span><\/p>\n<p><span><\/span><\/p>\n<p>[\/et_pb_text][\/et_pb_column][\/et_pb_row][et_pb_row _builder_version=&#8221;4.6.6&#8243; _module_preset=&#8221;default&#8221; custom_margin=&#8221;37px|auto||auto||&#8221; custom_padding=&#8221;9px|||||&#8221;][et_pb_column type=&#8221;4_4&#8243; _builder_version=&#8221;4.6.6&#8243; _module_preset=&#8221;default&#8221;][et_pb_text _builder_version=&#8221;4.6.6&#8243; _module_preset=&#8221;default&#8221; header_2_font=&#8221;Roboto|500|||||||&#8221; header_2_text_align=&#8221;center&#8221;]<\/p>\n<h2>Come funziona Progettare Spazi Interni?<\/h2>\n<p>[\/et_pb_text][\/et_pb_column][\/et_pb_row][et_pb_row column_structure=&#8221;1_4,1_4,1_4,1_4&#8243; _builder_version=&#8221;4.6.6&#8243; _module_preset=&#8221;default&#8221; min_height=&#8221;208px&#8221; custom_padding=&#8221;7px|||||&#8221;][et_pb_column type=&#8221;1_4&#8243; _builder_version=&#8221;4.6.6&#8243; _module_preset=&#8221;default&#8221;][et_pb_blurb title=&#8221;Prenota il sopralluogo &#8221; use_icon=&#8221;on&#8221; font_icon=&#8221;%%86%%&#8221; icon_color=&#8221;#F7BD4A&#8221; _builder_version=&#8221;4.6.6&#8243; _module_preset=&#8221;default&#8221; header_font=&#8221;Roboto||||||||&#8221; body_font=&#8221;||||||||&#8221; body_text_color=&#8221;#000000&#8243; text_orientation=&#8221;center&#8221;]<\/p>\n<p>Puoi prenotarlo compilando il modulo di contatto, via email o whatsapp<\/p>\n<p>[\/et_pb_blurb][\/et_pb_column][et_pb_column type=&#8221;1_4&#8243; _builder_version=&#8221;4.6.6&#8243; _module_preset=&#8221;default&#8221;][et_pb_blurb title=&#8221;Inviaci il materiale &#8221; use_icon=&#8221;on&#8221; font_icon=&#8221;%%265%%&#8221; icon_color=&#8221;#F7BD4A&#8221; _builder_version=&#8221;4.6.6&#8243; _module_preset=&#8221;default&#8221; header_font=&#8221;Roboto||||||||&#8221; body_font=&#8221;||||||||&#8221; body_text_color=&#8221;#000000&#8243; text_orientation=&#8221;center&#8221;]<\/p>\n<p>Se ne sei gi\u00e0 in possesso inviaci una planimetria e delle foto dello stato di fatto.\u00a0\u00a0<\/p>\n<p>[\/et_pb_blurb][\/et_pb_column][et_pb_column type=&#8221;1_4&#8243; _builder_version=&#8221;4.6.6&#8243; _module_preset=&#8221;default&#8221;][et_pb_blurb title=&#8221;Ricevi il preventivo&#8221; use_icon=&#8221;on&#8221; font_icon=&#8221;%%71%%&#8221; icon_color=&#8221;#F7BD4A&#8221; _builder_version=&#8221;4.6.6&#8243; _module_preset=&#8221;default&#8221; header_font=&#8221;Roboto||||||||&#8221; body_font=&#8221;||||||||&#8221; body_text_color=&#8221;#000000&#8243; text_orientation=&#8221;center&#8221;]<\/p>\n<p><span>Dopo il sopralluogo riceverai il preventivo per la progettazione con 3 tipologie di servizio.\u00a0\u00a0<\/span><\/p>\n<p>[\/et_pb_blurb][\/et_pb_column][et_pb_column type=&#8221;1_4&#8243; _builder_version=&#8221;4.6.6&#8243; _module_preset=&#8221;default&#8221;][et_pb_blurb title=&#8221;Scegli il tuo servizio&#8221; use_icon=&#8221;on&#8221; font_icon=&#8221;%%57%%&#8221; icon_color=&#8221;#F7BD4A&#8221; _builder_version=&#8221;4.6.6&#8243; _module_preset=&#8221;default&#8221; header_font=&#8221;Roboto||||||||&#8221; body_font=&#8221;||||||||&#8221; body_text_color=&#8221;#000000&#8243; text_orientation=&#8221;center&#8221;]<\/p>\n<p>Your content goes here. Edit or remove this text inline or in the module Content\u00a0<\/p>\n<p>[\/et_pb_blurb][\/et_pb_column][\/et_pb_row][et_pb_row _builder_version=&#8221;4.6.6&#8243; _module_preset=&#8221;default&#8221; custom_padding=&#8221;67px|||||&#8221;][et_pb_column type=&#8221;4_4&#8243; _builder_version=&#8221;4.6.6&#8243; _module_preset=&#8221;default&#8221;][et_pb_text _builder_version=&#8221;4.6.6&#8243; _module_preset=&#8221;default&#8221; header_2_font=&#8221;Roboto|500|||||||&#8221; header_2_text_align=&#8221;center&#8221;]<\/p>\n<h2>I nostri servizi di progetazione<\/h2>\n<p>[\/et_pb_text][\/et_pb_column][\/et_pb_row][et_pb_row _builder_version=&#8221;4.6.6&#8243; _module_preset=&#8221;default&#8221; custom_margin=&#8221;|auto|-4px|auto||&#8221;][et_pb_column type=&#8221;4_4&#8243; _builder_version=&#8221;4.6.6&#8243; _module_preset=&#8221;default&#8221;][et_pb_pricing_tables featured_table_background_color=&#8221;#edf000&#8243; header_background_color=&#8221;#474747&#8243; price_background_color=&#8221;#ffffff&#8221; _builder_version=&#8221;4.6.6&#8243; _module_preset=&#8221;default&#8221; price_text_color=&#8221;#f0b800&#8243; price_font=&#8221;Roboto||||||||&#8221; custom_margin=&#8221;|27px||27px|false|true&#8221; custom_padding=&#8221;||22px||false|false&#8221; border_width_all=&#8221;0px&#8221;][et_pb_pricing_table title=&#8221;Pacchetto Base&#8221; subtitle=&#8221;a partire da 10 \u20ac\/mq&#8221; currency=&#8221;\u20ac&#8221; sum=&#8221;140&#8243; _builder_version=&#8221;4.6.6&#8243; _module_preset=&#8221;default&#8221; sticky_transition=&#8221;on&#8221;]<\/p>\n<p>Analisi e considerazioni<\/p>\n<p>Planimetria quotata<\/p>\n<p>3D preliminare<\/p>\n<p>Tavola con riferimenti stilistici<\/p>\n<p>[\/et_pb_pricing_table][et_pb_pricing_table title=&#8221;Pacchetto Avanzato&#8221; subtitle=&#8221;a partire da 20 \u20ac\/mq&#8221; currency=&#8221;\u20ac&#8221; sum=&#8221;300&#8243; _builder_version=&#8221;4.6.6&#8243; _module_preset=&#8221;default&#8221; sticky_transition=&#8221;on&#8221;]<\/p>\n<p>Analisi e considerazioni<\/p>\n<p>Planimetria quotata<\/p>\n<p>3D preliminare<\/p>\n<p>Tavola con riferimenti stilistici<\/p>\n<p>Studio arredi<\/p>\n<p>Studio illuminazione<\/p>\n<p>Studio materiali e colori<\/p>\n<p>[\/et_pb_pricing_table][et_pb_pricing_table title=&#8221;Pacchetto Deluxe&#8221; subtitle=&#8221;a partire da 30 \u20ac\/mq&#8221; currency=&#8221;\u20ac&#8221; sum=&#8221;450&#8243; _builder_version=&#8221;4.6.6&#8243; _module_preset=&#8221;default&#8221; sticky_transition=&#8221;on&#8221;]<\/p>\n<p>Analisi e considerazioni<\/p>\n<p>Planimetria quotata<\/p>\n<p>3D preliminare<\/p>\n<p>Tavola con riferimenti stilistici<\/p>\n<p>Studio arredi<\/p>\n<p>Studio illuminazione<\/p>\n<p>Studio materiali e colori<\/p>\n<p>Virtual Home<\/p>\n<p>[\/et_pb_pricing_table][\/et_pb_pricing_tables][\/et_pb_column][\/et_pb_row][\/et_pb_section][et_pb_section fb_built=&#8221;1&#8243; _builder_version=&#8221;4.6.6&#8243; _module_preset=&#8221;default&#8221; custom_padding=&#8221;26px|||||&#8221;][et_pb_row _builder_version=&#8221;4.6.6&#8243; _module_preset=&#8221;default&#8221;][et_pb_column type=&#8221;4_4&#8243; _builder_version=&#8221;4.6.6&#8243; _module_preset=&#8221;default&#8221;][et_pb_text _builder_version=&#8221;4.6.6&#8243; _module_preset=&#8221;default&#8221; header_2_font=&#8221;Roboto|500|||||||&#8221; header_2_text_align=&#8221;center&#8221; custom_margin=&#8221;||-4px|||&#8221;]<\/p>\n<h2>Testimonianze<\/h2>\n<p>[\/et_pb_text][\/et_pb_column][\/et_pb_row][et_pb_row column_structure=&#8221;1_4,1_4,1_4,1_4&#8243; _builder_version=&#8221;4.6.6&#8243; _module_preset=&#8221;default&#8221; custom_padding=&#8221;30px|||||&#8221;][et_pb_column type=&#8221;1_4&#8243; _builder_version=&#8221;4.6.6&#8243; _module_preset=&#8221;default&#8221;][et_pb_image src=&#8221;https:\/\/www.progettarespaziinterni.it\/wp-content\/uploads\/2021\/01\/Progettare-Spazi-Interni-testimonianza-1.jpg&#8221; title_text=&#8221;Progettare-Spazi-Interni-testimonianza-1&#8243; _builder_version=&#8221;4.6.6&#8243; _module_preset=&#8221;default&#8221; custom_margin=&#8221;||11px|||&#8221; custom_padding=&#8221;||0px|||&#8221;][\/et_pb_image][et_pb_text _builder_version=&#8221;4.6.6&#8243; _module_preset=&#8221;default&#8221; text_text_color=&#8221;#000000&#8243; header_2_font=&#8221;Roboto||||||||&#8221; header_2_text_align=&#8221;center&#8221; text_orientation=&#8221;center&#8221; min_height=&#8221;192px&#8221; custom_margin=&#8221;0px|||||&#8221; text_font_tablet=&#8221;&#8221; text_font_phone=&#8221;&#8221; text_font_last_edited=&#8221;on|desktop&#8221;]<\/p>\n<p><span style=\"font-size: 14px;\"><span>\u201cAvevamo bisogno di aiuto per la progettazione del nostro appartamento a Genova. Ci \u00e8 sembrato di conoscerli da sempre e le loro idee ci hanno conquistato velocemente, bravi!\u201d<\/span><\/span><\/p>\n<p><span><\/span><\/p>\n<p>[\/et_pb_text][\/et_pb_column][et_pb_column type=&#8221;1_4&#8243; _builder_version=&#8221;4.6.6&#8243; _module_preset=&#8221;default&#8221;][et_pb_image src=&#8221;https:\/\/www.progettarespaziinterni.it\/wp-content\/uploads\/2021\/01\/Progettare-Spazi-Interni-testimonianza-3.jpg&#8221; title_text=&#8221;Progettare-Spazi-Interni-testimonianza-3&#8243; _builder_version=&#8221;4.6.6&#8243; _module_preset=&#8221;default&#8221; custom_margin=&#8221;||11px|||&#8221; custom_padding=&#8221;||0px|||&#8221;][\/et_pb_image][et_pb_text _builder_version=&#8221;4.6.6&#8243; _module_preset=&#8221;default&#8221; text_text_color=&#8221;#000000&#8243; header_2_font=&#8221;Roboto||||||||&#8221; header_2_text_align=&#8221;center&#8221; text_orientation=&#8221;center&#8221; min_height=&#8221;192px&#8221; custom_margin=&#8221;0px|||||&#8221; text_font_tablet=&#8221;&#8221; text_font_phone=&#8221;&#8221; text_font_last_edited=&#8221;on|desktop&#8221;]<\/p>\n<p><span style=\"font-size: 14px;\"><span>\u201cAvevamo bisogno di aiuto per la progettazione del nostro giardino a Milano. Ci \u00e8 sembrato di conoscerli da sempre e le loro idee ci hanno conquistato velocemente, progetto e direzione lavori impeccabili, bravi!\u201d<\/span><\/span><\/p>\n<p><span><\/span><\/p>\n<p>[\/et_pb_text][\/et_pb_column][et_pb_column type=&#8221;1_4&#8243; _builder_version=&#8221;4.6.6&#8243; _module_preset=&#8221;default&#8221;][et_pb_image src=&#8221;https:\/\/www.progettarespaziinterni.it\/wp-content\/uploads\/2021\/01\/Progettare-Spazi-Interni-testimonianza-2.jpg&#8221; title_text=&#8221;Progettare-Spazi-Interni-testimonianza-2&#8243; _builder_version=&#8221;4.6.6&#8243; _module_preset=&#8221;default&#8221; custom_margin=&#8221;||11px|||&#8221; custom_padding=&#8221;||0px|||&#8221;][\/et_pb_image][et_pb_text _builder_version=&#8221;4.6.6&#8243; _module_preset=&#8221;default&#8221; text_text_color=&#8221;#000000&#8243; header_2_font=&#8221;Roboto||||||||&#8221; header_2_text_align=&#8221;center&#8221; text_orientation=&#8221;center&#8221; min_height=&#8221;192px&#8221; custom_margin=&#8221;0px|||||&#8221; text_font_tablet=&#8221;&#8221; text_font_phone=&#8221;&#8221; text_font_last_edited=&#8221;on|desktop&#8221;]<\/p>\n<p><span style=\"font-size: 14px;\"><span>\u201cAvevamo bisogno di aiuto per la progettazione del nostro giardino a Milano. Ci \u00e8 sembrato di conoscerli da sempre e le loro idee ci hanno conquistato velocemente, progetto e direzione lavori impeccabili, bravi!\u201d<\/span><\/span><\/p>\n<p><span><\/span><\/p>\n<p>[\/et_pb_text][\/et_pb_column][et_pb_column type=&#8221;1_4&#8243; _builder_version=&#8221;4.6.6&#8243; _module_preset=&#8221;default&#8221;][et_pb_image src=&#8221;https:\/\/www.progettarespaziinterni.it\/wp-content\/uploads\/2021\/01\/Progettare-Spazi-Interni-testimonianza-4.jpg&#8221; title_text=&#8221;Progettare-Spazi-Interni-testimonianza-4&#8243; _builder_version=&#8221;4.6.6&#8243; _module_preset=&#8221;default&#8221; custom_margin=&#8221;||11px|||&#8221; custom_padding=&#8221;||0px|||&#8221;][\/et_pb_image][et_pb_text _builder_version=&#8221;4.6.6&#8243; _module_preset=&#8221;default&#8221; text_text_color=&#8221;#000000&#8243; header_2_font=&#8221;Roboto||||||||&#8221; header_2_text_align=&#8221;center&#8221; text_orientation=&#8221;center&#8221; min_height=&#8221;192px&#8221; custom_margin=&#8221;0px|||||&#8221; text_font_tablet=&#8221;&#8221; text_font_phone=&#8221;&#8221; text_font_last_edited=&#8221;on|desktop&#8221;]<\/p>\n<p><span style=\"font-size: 14px;\"><span>\u201cAvevamo bisogno di aiuto per la progettazione del nostro giardino a Milano. Ci \u00e8 sembrato di conoscerli da sempre e le loro idee ci hanno conquistato velocemente, progetto e direzione lavori impeccabili, bravi!\u201d<\/span><\/span><\/p>\n<p><span><\/span><\/p>\n<p>[\/et_pb_text][\/et_pb_column][\/et_pb_row][\/et_pb_section]<\/p>\n","protected":false},"excerpt":{"rendered":"<p>Progettazione Spazi Interni Se hai appena acquistato casa o ti sei stancato dell\u2019ambiente in cui vivi e vorresti un aiuto su come rinnovarlo sei nel posto giusto. Trasformeremo i tuoi spazi interni, proponendoti un restyling totale con soluzioni originali sempre tenendo conto del budget totale.Interior design\u00a0 Siamo un team di esperti nella progettazione di spazi [&hellip;]<\/p>\n","protected":false},"author":1,"featured_media":0,"parent":0,"menu_order":0,"comment_status":"closed","ping_status":"closed","template":"","meta":{"_et_pb_use_builder":"on","_et_pb_old_content":"","_et_gb_content_width":""},"_links":{"self":[{"href":"https:\/\/www.progettarespaziinterni.it\/index.php?rest_route=\/wp\/v2\/pages\/8"}],"collection":[{"href":"https:\/\/www.progettarespaziinterni.it\/index.php?rest_route=\/wp\/v2\/pages"}],"about":[{"href":"https:\/\/www.progettarespaziinterni.it\/index.php?rest_route=\/wp\/v2\/types\/page"}],"author":[{"embeddable":true,"href":"https:\/\/www.progettarespaziinterni.it\/index.php?rest_route=\/wp\/v2\/users\/1"}],"replies":[{"embeddable":true,"href":"https:\/\/www.progettarespaziinterni.it\/index.php?rest_route=%2Fwp%2Fv2%2Fcomments&post=8"}],"version-history":[{"count":52,"href":"https:\/\/www.progettarespaziinterni.it\/index.php?rest_route=\/wp\/v2\/pages\/8\/revisions"}],"predecessor-version":[{"id":193,"href":"https:\/\/www.progettarespaziinterni.it\/index.php?rest_route=\/wp\/v2\/pages\/8\/revisions\/193"}],"wp:attachment":[{"href":"https:\/\/www.progettarespaziinterni.it\/index.php?rest_route=%2Fwp%2Fv2%2Fmedia&parent=8"}],"curies":[{"name":"wp","href":"https:\/\/api.w.org\/{rel}","templated":true}]}}